{"id":49427,"date":"2022-05-13T18:01:59","date_gmt":"2022-05-13T16:01:59","guid":{"rendered":"https:\/\/beaverdamcompany.digitalturn2.com\/company-presentation\/"},"modified":"2025-05-19T10:01:14","modified_gmt":"2025-05-19T08:01:14","slug":"company-presentation","status":"publish","type":"page","link":"https:\/\/www.beaverdamco.com\/en\/company-presentation\/","title":{"rendered":"Company Presentation"},"content":{"rendered":"\t\t<div data-elementor-type=\"wp-page\" data-elementor-id=\"49427\" class=\"elementor elementor-49427 elementor-17933\" data-elementor-post-type=\"page\">\n\t\t\t\t\t\t<section class=\"elementor-section elementor-top-section elementor-element elementor-element-7f7f2cc4 elementor-section-boxed elementor-section-height-default elementor-section-height-default sc_fly_static\" data-id=\"7f7f2cc4\" data-element_type=\"section\">\n\t\t\t\t\t\t<div class=\"elementor-container elementor-column-gap-extended\">\n\t\t\t\t\t<div class=\"elementor-column elementor-col-100 elementor-top-column elementor-element elementor-element-14bfba8e sc_content_align_inherit sc_layouts_column_icons_position_left sc_fly_static\" data-id=\"14bfba8e\" data-element_type=\"column\">\n\t\t\t<div class=\"elementor-widget-wrap elementor-element-populated\">\n\t\t\t\t\t\t<div class=\"elementor-element elementor-element-7142da20 sc_fly_static elementor-widget elementor-widget-text-editor\" data-id=\"7142da20\" data-element_type=\"widget\" data-widget_type=\"text-editor.default\">\n\t\t\t\t<div class=\"elementor-widget-container\">\n\t\t\t\t\t\t\t\t\t<p><span style=\"font-weight: 400;\">Founded in 2014 in Geneva by choreographer Edouard Hue, the <\/span><b>Beaver Dam Company<\/b><span style=\"font-weight: 400;\"> has established itself on the international contemporary dance scene through an artistic approach combining physical virtuosity and emotional depth.<\/span><\/p><p><span style=\"font-weight: 400;\">The company&#8217;s diverse repertoire includes solos, duets, and group pieces such as  <\/span><i><span style=\"font-weight: 400;\">Murky Depths<\/span><\/i><span style=\"font-weight: 400;\">,  <\/span><i><span style=\"font-weight: 400;\">Into Outside<\/span><\/i><span style=\"font-weight: 400;\">,  <\/span><i><span style=\"font-weight: 400;\">Meet Me Halfway<\/span><\/i><span style=\"font-weight: 400;\">,  <\/span><i><span style=\"font-weight: 400;\">FORWARD<\/span><\/i><span style=\"font-weight: 400;\">,  <\/span><i><span style=\"font-weight: 400;\">Shiver<\/span><\/i><span style=\"font-weight: 400;\">,  <\/span><i><span style=\"font-weight: 400;\">Molten<\/span><\/i><span style=\"font-weight: 400;\">,  <\/span><i><span style=\"font-weight: 400;\">Yum\u00e9<\/span><\/i><span style=\"font-weight: 400;\">,  <\/span><i><span style=\"font-weight: 400;\">All I Need<\/span><\/i><span style=\"font-weight: 400;\">  and  <\/span><i><span style=\"font-weight: 400;\">Dive<\/span><\/i><span style=\"font-weight: 400;\">. These works are recognized for their ability to push the boundaries of movement and explore universal themes with remarkable intensity.<\/span><\/p><p><span style=\"font-weight: 400;\">The <\/span><b>Beaver Dam Company<\/b><span style=\"font-weight: 400;\"> has collaborated with prestigious festivals and theaters, notably the <\/span><b>Th\u00e9\u00e2tre du Ch\u00e2telet, the Athens Epidaurus Dance Festival<\/b><span style=\"font-weight: 400;\"> and<\/span><b> the Cannes Dance Festival.<\/b><span style=\"font-weight: 400;\"> The piece <\/span><i><span style=\"font-weight: 400;\">All I Need<\/span><\/i><span style=\"font-weight: 400;\"> was created in 2021 in co-production with the latter, marking a turning point in Hue&#8217;s career.<\/span><\/p><p><span style=\"font-weight: 400;\">In 2023, the company presented <\/span><i><span style=\"font-weight: 400;\">Dive<\/span><\/i><span style=\"font-weight: 400;\">, a work that addresses instinct and interpersonal dynamics through demanding and immersive choreography. This critically acclaimed piece continues to tour and be transmitted in renowned training institutions such as the  <\/span><b>Greek National Opera Dance School <\/b><span style=\"font-weight: 400;\">and the <\/span><b>Z\u00fcrcher Hochschule der K\u00fcnste<\/b><span style=\"font-weight: 400;\">. <\/span> <\/p><p><span style=\"font-weight: 400;\">Edouard Hue is also in demand to create works for other companies. In 2024, he is invited by  <\/span><b>Angelin Preljocaj<\/b><span style=\"font-weight: 400;\"> and <\/span><b>Laurent Hilaire<\/b><span style=\"font-weight: 400;\"> to create <\/span><i><span style=\"font-weight: 400;\">Skinny Hearts<\/span><\/i><span style=\"font-weight: 400;\"> for the <\/span><b>Bayerisches Staatsballett<\/b><span style=\"font-weight: 400;\"> in Munich, thus consolidating his reputation on the international choreographic scene.<\/span><\/p><p><span style=\"font-weight: 400;\">The company is also committed to training and sharing its expertise. It regularly organizes workshops and open classes, allowing professional dancers and dance students to discover and explore Hue&#8217;s unique choreographic language.  <\/span><\/p><p><span style=\"font-weight: 400;\">Today, the <\/span><b>Beaver Dam Company <\/b> <span style=\"font-weight: 400;\">continues to expand its repertoire and reach new audiences. It maintains an active dialogue around contemporary issues, offering powerful and unforgettable stage experiences.<\/span><\/p>\t\t\t\t\t\t\t\t<\/div>\n\t\t\t\t<\/div>\n\t\t\t\t<div class=\"elementor-element elementor-element-6cad4b7 sc_fly_static elementor-widget elementor-widget-gallery\" data-id=\"6cad4b7\" data-element_type=\"widget\" data-settings=\"{&quot;gallery_layout&quot;:&quot;masonry&quot;,&quot;lazyload&quot;:&quot;yes&quot;,&quot;columns&quot;:4,&quot;columns_tablet&quot;:2,&quot;columns_mobile&quot;:1,&quot;gap&quot;:{&quot;unit&quot;:&quot;px&quot;,&quot;size&quot;:10,&quot;sizes&quot;:[]},&quot;gap_tablet&quot;:{&quot;unit&quot;:&quot;px&quot;,&quot;size&quot;:10,&quot;sizes&quot;:[]},&quot;gap_mobile&quot;:{&quot;unit&quot;:&quot;px&quot;,&quot;size&quot;:10,&quot;sizes&quot;:[]},&quot;link_to&quot;:&quot;file&quot;,&quot;content_hover_animation&quot;:&quot;fade-in&quot;}\" data-widget_type=\"gallery.default\">\n\t\t\t\t<div class=\"elementor-widget-container\">\n\t\t\t\t\t\t\t<div class=\"elementor-gallery__container\">\n\t\t\t\t\t\t\t<a class=\"e-gallery-item elementor-gallery-item elementor-animated-content\" href=\"https:\/\/www.beaverdamco.com\/wp-content\/uploads\/2025\/04\/c-Pierre-Emilio-Medina-Flowers-Edouard-Hue-12-scaled-1.jpg\" data-elementor-open-lightbox=\"yes\" data-elementor-lightbox-slideshow=\"6cad4b7\" data-elementor-lightbox-title=\"c-Pierre-Emilio-Medina-Flowers-Edouard-Hue-12-scaled\" data-e-action-hash=\"#elementor-action%3Aaction%3Dlightbox%26settings%3DeyJpZCI6NDkxODEsInVybCI6Imh0dHBzOlwvXC93d3cuYmVhdmVyZGFtY28uY29tXC93cC1jb250ZW50XC91cGxvYWRzXC8yMDI1XC8wNFwvYy1QaWVycmUtRW1pbGlvLU1lZGluYS1GbG93ZXJzLUVkb3VhcmQtSHVlLTEyLXNjYWxlZC0xLmpwZyIsInNsaWRlc2hvdyI6IjZjYWQ0YjcifQ%3D%3D\">\n\t\t\t\t\t<div class=\"e-gallery-image elementor-gallery-item__image\" data-thumbnail=\"https:\/\/www.beaverdamco.com\/wp-content\/uploads\/2025\/04\/c-Pierre-Emilio-Medina-Flowers-Edouard-Hue-12-scaled-1-2048x1358.jpg\" data-width=\"2048\" data-height=\"1358\" aria-label=\"\" role=\"img\" ><\/div>\n\t\t\t\t\t\t\t\t\t\t\t\t\t\t<\/a>\n\t\t\t\t\t\t\t<a class=\"e-gallery-item elementor-gallery-item elementor-animated-content\" href=\"https:\/\/www.beaverdamco.com\/wp-content\/uploads\/2025\/04\/Yume-c-Gregory-Batardon-scaled.jpg\" data-elementor-open-lightbox=\"yes\" data-elementor-lightbox-slideshow=\"6cad4b7\" data-elementor-lightbox-title=\"Yum\u00e9 (c) Gr\u00e9gory Batardon\" data-e-action-hash=\"#elementor-action%3Aaction%3Dlightbox%26settings%3DeyJpZCI6NDkxODAsInVybCI6Imh0dHBzOlwvXC93d3cuYmVhdmVyZGFtY28uY29tXC93cC1jb250ZW50XC91cGxvYWRzXC8yMDI1XC8wNFwvWXVtZS1jLUdyZWdvcnktQmF0YXJkb24tc2NhbGVkLmpwZyIsInNsaWRlc2hvdyI6IjZjYWQ0YjcifQ%3D%3D\">\n\t\t\t\t\t<div class=\"e-gallery-image elementor-gallery-item__image\" data-thumbnail=\"https:\/\/www.beaverdamco.com\/wp-content\/uploads\/2025\/04\/Yume-c-Gregory-Batardon-2048x1365.jpg\" data-width=\"2048\" data-height=\"1365\" aria-label=\"\" role=\"img\" ><\/div>\n\t\t\t\t\t\t\t\t\t\t\t\t\t\t<\/a>\n\t\t\t\t\t\t\t<a class=\"e-gallery-item elementor-gallery-item elementor-animated-content\" href=\"https:\/\/www.beaverdamco.com\/wp-content\/uploads\/2025\/04\/Shiver-\u00a9-Laurent-Philippe.jpg\" data-elementor-open-lightbox=\"yes\" data-elementor-lightbox-slideshow=\"6cad4b7\" data-elementor-lightbox-title=\"SHIVER de Edouard Hue\" data-e-action-hash=\"#elementor-action%3Aaction%3Dlightbox%26settings%3DeyJpZCI6NDkxNjYsInVybCI6Imh0dHBzOlwvXC93d3cuYmVhdmVyZGFtY28uY29tXC93cC1jb250ZW50XC91cGxvYWRzXC8yMDI1XC8wNFwvU2hpdmVyLVx1MDBhOS1MYXVyZW50LVBoaWxpcHBlLmpwZyIsInNsaWRlc2hvdyI6IjZjYWQ0YjcifQ%3D%3D\">\n\t\t\t\t\t<div class=\"e-gallery-image elementor-gallery-item__image\" data-thumbnail=\"https:\/\/www.beaverdamco.com\/wp-content\/uploads\/2025\/04\/Shiver-\u00a9-Laurent-Philippe.jpg\" data-width=\"1772\" data-height=\"1182\" aria-label=\"\" role=\"img\" ><\/div>\n\t\t\t\t\t\t\t\t\t\t\t\t\t\t<\/a>\n\t\t\t\t\t\t\t<a class=\"e-gallery-item elementor-gallery-item elementor-animated-content\" href=\"https:\/\/www.beaverdamco.com\/wp-content\/uploads\/2025\/04\/TITAN-c-Theater-Basel-3.jpg\" data-elementor-open-lightbox=\"yes\" data-elementor-lightbox-slideshow=\"6cad4b7\" data-elementor-lightbox-title=\"off\/limits, ballett choreographies by Edouard Hue und Muhammed Kaltuk, Theater Basel, 23.02.2022, Foto Lucia Hunziker\" data-e-action-hash=\"#elementor-action%3Aaction%3Dlightbox%26settings%3DeyJpZCI6NDkxNzYsInVybCI6Imh0dHBzOlwvXC93d3cuYmVhdmVyZGFtY28uY29tXC93cC1jb250ZW50XC91cGxvYWRzXC8yMDI1XC8wNFwvVElUQU4tYy1UaGVhdGVyLUJhc2VsLTMuanBnIiwic2xpZGVzaG93IjoiNmNhZDRiNyJ9\">\n\t\t\t\t\t<div class=\"e-gallery-image elementor-gallery-item__image\" data-thumbnail=\"https:\/\/www.beaverdamco.com\/wp-content\/uploads\/2025\/04\/TITAN-c-Theater-Basel-3.jpg\" data-width=\"2000\" data-height=\"1333\" aria-label=\"\" role=\"img\" ><\/div>\n\t\t\t\t\t\t\t\t\t\t\t\t\t\t<\/a>\n\t\t\t\t\t\t\t<a class=\"e-gallery-item elementor-gallery-item elementor-animated-content\" href=\"https:\/\/www.beaverdamco.com\/wp-content\/uploads\/2025\/04\/TITAN-c-Theater-Basel.jpg\" data-elementor-open-lightbox=\"yes\" data-elementor-lightbox-slideshow=\"6cad4b7\" data-elementor-lightbox-title=\"off\/limits, ballett choreographies by Edouard Hue und Muhammed Kaltuk, Theater Basel, 23.02.2022, Foto Lucia Hunziker\" data-e-action-hash=\"#elementor-action%3Aaction%3Dlightbox%26settings%3DeyJpZCI6NDkxNzcsInVybCI6Imh0dHBzOlwvXC93d3cuYmVhdmVyZGFtY28uY29tXC93cC1jb250ZW50XC91cGxvYWRzXC8yMDI1XC8wNFwvVElUQU4tYy1UaGVhdGVyLUJhc2VsLmpwZyIsInNsaWRlc2hvdyI6IjZjYWQ0YjcifQ%3D%3D\">\n\t\t\t\t\t<div class=\"e-gallery-image elementor-gallery-item__image\" data-thumbnail=\"https:\/\/www.beaverdamco.com\/wp-content\/uploads\/2025\/04\/TITAN-c-Theater-Basel.jpg\" data-width=\"2000\" data-height=\"1333\" aria-label=\"\" role=\"img\" ><\/div>\n\t\t\t\t\t\t\t\t\t\t\t\t\t\t<\/a>\n\t\t\t\t\t\t\t<a class=\"e-gallery-item elementor-gallery-item elementor-animated-content\" href=\"https:\/\/www.beaverdamco.com\/wp-content\/uploads\/2025\/04\/TITAN-c-Theater-Basel-2.jpg\" data-elementor-open-lightbox=\"yes\" data-elementor-lightbox-slideshow=\"6cad4b7\" data-elementor-lightbox-title=\"off\/limits, ballett choreographies by Edouard Hue und Muhammed Kaltuk, Theater Basel, 23.02.2022, Foto Lucia Hunziker\" data-e-action-hash=\"#elementor-action%3Aaction%3Dlightbox%26settings%3DeyJpZCI6NDkxNzUsInVybCI6Imh0dHBzOlwvXC93d3cuYmVhdmVyZGFtY28uY29tXC93cC1jb250ZW50XC91cGxvYWRzXC8yMDI1XC8wNFwvVElUQU4tYy1UaGVhdGVyLUJhc2VsLTIuanBnIiwic2xpZGVzaG93IjoiNmNhZDRiNyJ9\">\n\t\t\t\t\t<div class=\"e-gallery-image elementor-gallery-item__image\" data-thumbnail=\"https:\/\/www.beaverdamco.com\/wp-content\/uploads\/2025\/04\/TITAN-c-Theater-Basel-2.jpg\" data-width=\"2000\" data-height=\"1333\" aria-label=\"\" role=\"img\" ><\/div>\n\t\t\t\t\t\t\t\t\t\t\t\t\t\t<\/a>\n\t\t\t\t\t\t\t<a class=\"e-gallery-item elementor-gallery-item elementor-animated-content\" href=\"https:\/\/www.beaverdamco.com\/wp-content\/uploads\/2025\/04\/Stage-Libourne-\u00a9-Alice-Mathieu.jpg\" data-elementor-open-lightbox=\"yes\" data-elementor-lightbox-slideshow=\"6cad4b7\" data-elementor-lightbox-title=\"Stage Libourne \u00a9 Alice &amp; Mathieu\" data-e-action-hash=\"#elementor-action%3Aaction%3Dlightbox%26settings%3DeyJpZCI6NDkxNzQsInVybCI6Imh0dHBzOlwvXC93d3cuYmVhdmVyZGFtY28uY29tXC93cC1jb250ZW50XC91cGxvYWRzXC8yMDI1XC8wNFwvU3RhZ2UtTGlib3VybmUtXHUwMGE5LUFsaWNlLU1hdGhpZXUuanBnIiwic2xpZGVzaG93IjoiNmNhZDRiNyJ9\">\n\t\t\t\t\t<div class=\"e-gallery-image elementor-gallery-item__image\" data-thumbnail=\"https:\/\/www.beaverdamco.com\/wp-content\/uploads\/2025\/04\/Stage-Libourne-\u00a9-Alice-Mathieu.jpg\" data-width=\"2048\" data-height=\"1365\" aria-label=\"\" role=\"img\" ><\/div>\n\t\t\t\t\t\t\t\t\t\t\t\t\t\t<\/a>\n\t\t\t\t\t\t\t<a class=\"e-gallery-item elementor-gallery-item elementor-animated-content\" href=\"https:\/\/www.beaverdamco.com\/wp-content\/uploads\/2025\/04\/Dive-c-Zoe-Dumont-2-scaled.jpg\" data-elementor-open-lightbox=\"yes\" data-elementor-lightbox-slideshow=\"6cad4b7\" data-elementor-lightbox-title=\"Dive (c) Zo\u00e9 Dumont 2\" data-e-action-hash=\"#elementor-action%3Aaction%3Dlightbox%26settings%3DeyJpZCI6NDkxNDgsInVybCI6Imh0dHBzOlwvXC93d3cuYmVhdmVyZGFtY28uY29tXC93cC1jb250ZW50XC91cGxvYWRzXC8yMDI1XC8wNFwvRGl2ZS1jLVpvZS1EdW1vbnQtMi1zY2FsZWQuanBnIiwic2xpZGVzaG93IjoiNmNhZDRiNyJ9\">\n\t\t\t\t\t<div class=\"e-gallery-image elementor-gallery-item__image\" data-thumbnail=\"https:\/\/www.beaverdamco.com\/wp-content\/uploads\/2025\/04\/Dive-c-Zoe-Dumont-2-2048x1365.jpg\" data-width=\"2048\" data-height=\"1365\" aria-label=\"\" role=\"img\" ><\/div>\n\t\t\t\t\t\t\t\t\t\t\t\t\t\t<\/a>\n\t\t\t\t\t<\/div>\n\t\t\t\t\t<\/div>\n\t\t\t\t<\/div>\n\t\t\t\t\t<\/div>\n\t\t<\/div>\n\t\t\t\t\t<\/div>\n\t\t<\/section>\n\t\t\t\t<\/div>\n\t\t","protected":false},"excerpt":{"rendered":"<p>Founded in 2014 in Geneva by choreographer Edouard Hue, the Beaver Dam Company has established itself on the international contemporary dance scene through an artistic approach combining physical virtuosity and&hellip;<\/p>\n","protected":false},"author":1,"featured_media":0,"parent":0,"menu_order":0,"comment_status":"closed","ping_status":"closed","template":"","meta":{"footnotes":""},"class_list":["post-49427","page","type-page","status-publish","hentry"],"_links":{"self":[{"href":"https:\/\/www.beaverdamco.com\/en\/wp-json\/wp\/v2\/pages\/49427","targetHints":{"allow":["GET"]}}],"collection":[{"href":"https:\/\/www.beaverdamco.com\/en\/wp-json\/wp\/v2\/pages"}],"about":[{"href":"https:\/\/www.beaverdamco.com\/en\/wp-json\/wp\/v2\/types\/page"}],"author":[{"embeddable":true,"href":"https:\/\/www.beaverdamco.com\/en\/wp-json\/wp\/v2\/users\/1"}],"replies":[{"embeddable":true,"href":"https:\/\/www.beaverdamco.com\/en\/wp-json\/wp\/v2\/comments?post=49427"}],"version-history":[{"count":0,"href":"https:\/\/www.beaverdamco.com\/en\/wp-json\/wp\/v2\/pages\/49427\/revisions"}],"wp:attachment":[{"href":"https:\/\/www.beaverdamco.com\/en\/wp-json\/wp\/v2\/media?parent=49427"}],"curies":[{"name":"wp","href":"https:\/\/api.w.org\/{rel}","templated":true}]}}